{"id":14137,"date":"2022-11-21T13:10:25","date_gmt":"2022-11-21T13:10:25","guid":{"rendered":"https:\/\/www.gdprregister.eu\/ueber-uns\/"},"modified":"2023-07-14T10:36:41","modified_gmt":"2023-07-14T10:36:41","slug":"ueber-uns","status":"publish","type":"page","link":"https:\/\/old.gdprregister.eu\/de\/ueber-uns\/","title":{"rendered":"\u00dcber uns"},"content":{"rendered":"\t\t<div data-elementor-type=\"wp-post\" data-elementor-id=\"14137\" class=\"elementor elementor-14137 elementor-3729\" data-elementor-post-type=\"page\">\n\t\t\t\t\t\t<section class=\"elementor-section elementor-top-section elementor-element elementor-element-4cb92bb6 elementor-section-boxed elementor-section-height-default elementor-section-height-default\" data-id=\"4cb92bb6\" data-element_type=\"section\" data-settings=\"{&quot;background_background&quot;:&quot;classic&quot;}\">\n\t\t\t\t\t\t<div class=\"elementor-container elementor-column-gap-no\">\n\t\t\t\t\t<div class=\"elementor-column elementor-col-50 elementor-top-column elementor-element elementor-element-3a7842d1\" data-id=\"3a7842d1\" data-element_type=\"column\">\n\t\t\t<div class=\"elementor-widget-wrap elementor-element-populated\">\n\t\t\t\t\t\t<div class=\"elementor-element elementor-element-8f19393 elementor-widget elementor-widget-heading\" data-id=\"8f19393\" data-element_type=\"widget\" data-widget_type=\"heading.default\">\n\t\t\t\t<div class=\"elementor-widget-container\">\n\t\t\t<h2 class=\"elementor-heading-title elementor-size-medium\">\u00dcber uns<\/h2>\t\t<\/div>\n\t\t\t\t<\/div>\n\t\t\t\t<div class=\"elementor-element elementor-element-6163bf2e elementor-widget elementor-widget-text-editor\" data-id=\"6163bf2e\" data-element_type=\"widget\" data-widget_type=\"text-editor.default\">\n\t\t\t\t<div class=\"elementor-widget-container\">\n\t\t\t\t\t\t\t<p>GDPR Register ist eine f\u00fchrende europ\u00e4ische Plattform zur Verwaltung von Datenschutzdokumenten, die es sich zur Aufgabe gemacht hat, den Alltag von Datenschutzteams jeder Unternehmensgr\u00f6\u00dfe effizienter und transparenter zu gestalten. Wir lieben Tabellenkalkulationen, aber diese sind nicht vergleichbar mit speziell entwickelten Tools zur Einhaltung der DSGVO wie GDPR Register, bei denen alle Daten miteinander verbunden sind und sofort kontrolliert werden.<\/p>\n<p>Wir begannen unsere Reise 2017, als ein Team von Anw\u00e4lten feststellte, dass die Unterst\u00fctzung von Kunden bei der Erstellung ihrer Compliance-Dokumentation viel effektiver sein k\u00f6nnte und wir uns mit Entwicklern zusammentaten, um das DSGVO-Softwaretool zu entwickeln, das den Compliance-Prozess reibungslos und effektiv gestalten k\u00f6nnte. Nach mehreren erfolgreichen Projekten haben wir verstanden, dass jedes Unternehmen von einer solchen Compliance-Software profitieren kann und haben die M\u00f6glichkeiten mit der Welt geteilt.<\/p>\n<p>Da Rom nicht an einem Tag erbaut wurde, ist unser DSGVO-Tool ein kontinuierlicher Entwicklungsprozess. W\u00f6chentlich f\u00fcgen wir neue Funktionen hinzu, verbessern den Inhalt und machen das Leben der Datenschutzbeauftragten einfacher und berechenbarer.<\/p>\n<p>Unser Team wird immer gr\u00f6\u00dfer. Wir arbeiten alle auf ein Ziel hin: den Prozess der Einhaltung der DSGVO transparent, einfach und effektiv zu gestalten.<\/p>\n<p>Im Jahr 2021 haben wir eine Online-Schulungsplattform OnlinePrivacy.Training ins Leben gerufen. Dieses Tool hilft Unternehmen dabei, ihre Mitarbeiter in den Grundlagen der DSGVO-Compliance zu schulen und operative Risiken auf ein Minimum zu reduzieren.<\/p>\n\t\t\t\t\t\t<\/div>\n\t\t\t\t<\/div>\n\t\t\t\t\t<\/div>\n\t\t<\/div>\n\t\t\t\t<div class=\"elementor-column elementor-col-50 elementor-top-column elementor-element elementor-element-61108bd3\" data-id=\"61108bd3\" data-element_type=\"column\">\n\t\t\t<div class=\"elementor-widget-wrap elementor-element-populated\">\n\t\t\t\t\t\t<div class=\"elementor-element elementor-element-c4f0868 elementor-widget elementor-widget-heading\" data-id=\"c4f0868\" data-element_type=\"widget\" data-widget_type=\"heading.default\">\n\t\t\t\t<div class=\"elementor-widget-container\">\n\t\t\t<h2 class=\"elementor-heading-title elementor-size-medium\"> <\/h2>\t\t<\/div>\n\t\t\t\t<\/div>\n\t\t\t\t<div class=\"elementor-element elementor-element-569f72c0 elementor-widget elementor-widget-spacer\" data-id=\"569f72c0\" data-element_type=\"widget\" data-widget_type=\"spacer.default\">\n\t\t\t\t<div class=\"elementor-widget-container\">\n\t\t\t\t\t<div class=\"elementor-spacer\">\n\t\t\t<div class=\"elementor-spacer-inner\"><\/div>\n\t\t<\/div>\n\t\t\t\t<\/div>\n\t\t\t\t<\/div>\n\t\t\t\t\t<\/div>\n\t\t<\/div>\n\t\t\t\t\t<\/div>\n\t\t<\/section>\n\t\t\t\t<section class=\"elementor-section elementor-top-section elementor-element elementor-element-761d976 elementor-section-boxed elementor-section-height-default elementor-section-height-default\" data-id=\"761d976\" data-element_type=\"section\">\n\t\t\t\t\t\t<div class=\"elementor-container elementor-column-gap-no\">\n\t\t\t\t\t<div class=\"elementor-column elementor-col-100 elementor-top-column elementor-element elementor-element-8bda854\" data-id=\"8bda854\" data-element_type=\"column\">\n\t\t\t<div class=\"elementor-widget-wrap elementor-element-populated\">\n\t\t\t\t\t\t<div class=\"elementor-element elementor-element-135ed4cb elementor-widget elementor-widget-heading\" data-id=\"135ed4cb\" data-element_type=\"widget\" data-widget_type=\"heading.default\">\n\t\t\t\t<div class=\"elementor-widget-container\">\n\t\t\t<h2 class=\"elementor-heading-title elementor-size-medium\">Managementteam<\/h2>\t\t<\/div>\n\t\t\t\t<\/div>\n\t\t\t\t\t<\/div>\n\t\t<\/div>\n\t\t\t\t\t<\/div>\n\t\t<\/section>\n\t\t\t\t<section class=\"elementor-section elementor-top-section elementor-element elementor-element-261b4b94 elementor-section-content-middle elementor-section-boxed elementor-section-height-default elementor-section-height-default\" data-id=\"261b4b94\" data-element_type=\"section\">\n\t\t\t\t\t\t<div class=\"elementor-container elementor-column-gap-no\">\n\t\t\t\t\t<div class=\"elementor-column elementor-col-33 elementor-top-column elementor-element elementor-element-9ad21fd\" data-id=\"9ad21fd\" data-element_type=\"column\">\n\t\t\t<div class=\"elementor-widget-wrap elementor-element-populated\">\n\t\t\t\t\t\t<div class=\"elementor-element elementor-element-56a7239 elementor-widget elementor-widget-image\" data-id=\"56a7239\" data-element_type=\"widget\" data-widget_type=\"image.default\">\n\t\t\t\t<div class=\"elementor-widget-container\">\n\t\t\t\t\t\t\t\t\t\t\t\t\t<img fetchpriority=\"high\" decoding=\"async\" width=\"601\" height=\"576\" src=\"https:\/\/old.gdprregister.eu\/wp-content\/uploads\/2018\/05\/gdpr-register-toomas.jpg\" class=\"elementor-animation-grow attachment-large size-large wp-image-12638\" alt=\"GDPR Register Founder, Toomas Seppel\" srcset=\"https:\/\/old.gdprregister.eu\/wp-content\/uploads\/2018\/05\/gdpr-register-toomas.jpg 601w, https:\/\/old.gdprregister.eu\/wp-content\/uploads\/2018\/05\/gdpr-register-toomas-300x288.jpg 300w\" sizes=\"(max-width: 601px) 100vw, 601px\" title=\"\">\t\t\t\t\t\t\t\t\t\t\t\t\t<\/div>\n\t\t\t\t<\/div>\n\t\t\t\t<div class=\"elementor-element elementor-element-48ce7f0 elementor-widget elementor-widget-heading\" data-id=\"48ce7f0\" data-element_type=\"widget\" data-widget_type=\"heading.default\">\n\t\t\t\t<div class=\"elementor-widget-container\">\n\t\t\t<h2 class=\"elementor-heading-title elementor-size-default\">Toomas Seppel<\/h2>\t\t<\/div>\n\t\t\t\t<\/div>\n\t\t\t\t<div class=\"elementor-element elementor-element-f48da1d elementor-widget elementor-widget-heading\" data-id=\"f48da1d\" data-element_type=\"widget\" data-widget_type=\"heading.default\">\n\t\t\t\t<div class=\"elementor-widget-container\">\n\t\t\t<h2 class=\"elementor-heading-title elementor-size-default\">Gr\u00fcnder \/ Verkauf<\/h2>\t\t<\/div>\n\t\t\t\t<\/div>\n\t\t\t\t<div class=\"elementor-element elementor-element-4d0c93e elementor-widget elementor-widget-text-editor\" data-id=\"4d0c93e\" data-element_type=\"widget\" data-widget_type=\"text-editor.default\">\n\t\t\t\t<div class=\"elementor-widget-container\">\n\t\t\t\t\t\t\t<p>.<\/p>\n\t\t\t\t\t\t<\/div>\n\t\t\t\t<\/div>\n\t\t\t\t<div class=\"elementor-element elementor-element-c53424f elementor-shape-rounded elementor-grid-0 e-grid-align-center elementor-widget elementor-widget-social-icons\" data-id=\"c53424f\" data-element_type=\"widget\" data-widget_type=\"social-icons.default\">\n\t\t\t\t<div class=\"elementor-widget-container\">\n\t\t\t\t\t<div class=\"elementor-social-icons-wrapper elementor-grid\">\n\t\t\t\t\t\t\t<span class=\"elementor-grid-item\">\n\t\t\t\t\t<a class=\"elementor-icon elementor-social-icon elementor-social-icon-linkedin-in elementor-animation-grow elementor-repeater-item-8b93740\" href=\"https:\/\/www.linkedin.com\/in\/toomas-seppel-91482964\/\" target=\"_blank\" rel=\"noopener\">\n\t\t\t\t\t\t<span class=\"elementor-screen-only\">Linkedin-in<\/span>\n\t\t\t\t\t\t<i class=\"fab fa-linkedin-in\"><\/i>\t\t\t\t\t<\/a>\n\t\t\t\t<\/span>\n\t\t\t\t\t\t\t<span class=\"elementor-grid-item\">\n\t\t\t\t\t<a class=\"elementor-icon elementor-social-icon elementor-social-icon-envelope elementor-animation-grow elementor-repeater-item-9ffad2c\" href=\"mailto:toomas.seppel@gdprregister.eu\" target=\"_blank\">\n\t\t\t\t\t\t<span class=\"elementor-screen-only\">Envelope<\/span>\n\t\t\t\t\t\t<i class=\"fas fa-envelope\"><\/i>\t\t\t\t\t<\/a>\n\t\t\t\t<\/span>\n\t\t\t\t\t<\/div>\n\t\t\t\t<\/div>\n\t\t\t\t<\/div>\n\t\t\t\t\t<\/div>\n\t\t<\/div>\n\t\t\t\t<div class=\"elementor-column elementor-col-33 elementor-top-column elementor-element elementor-element-3b51c1d6\" data-id=\"3b51c1d6\" data-element_type=\"column\">\n\t\t\t<div class=\"elementor-widget-wrap elementor-element-populated\">\n\t\t\t\t\t\t<div class=\"elementor-element elementor-element-7789f019 elementor-widget elementor-widget-image\" data-id=\"7789f019\" data-element_type=\"widget\" data-widget_type=\"image.default\">\n\t\t\t\t<div class=\"elementor-widget-container\">\n\t\t\t\t\t\t\t\t\t\t\t\t\t<img decoding=\"async\" width=\"705\" height=\"656\" src=\"https:\/\/old.gdprregister.eu\/wp-content\/uploads\/2018\/05\/gdpr-register-merlin-3.jpg\" class=\"elementor-animation-grow attachment-large size-large wp-image-12641\" alt=\"GDPR Register Founder, Merlin Salvik\" srcset=\"https:\/\/old.gdprregister.eu\/wp-content\/uploads\/2018\/05\/gdpr-register-merlin-3.jpg 705w, https:\/\/old.gdprregister.eu\/wp-content\/uploads\/2018\/05\/gdpr-register-merlin-3-300x279.jpg 300w\" sizes=\"(max-width: 705px) 100vw, 705px\" title=\"\">\t\t\t\t\t\t\t\t\t\t\t\t\t<\/div>\n\t\t\t\t<\/div>\n\t\t\t\t<div class=\"elementor-element elementor-element-68d9de4f elementor-widget elementor-widget-heading\" data-id=\"68d9de4f\" data-element_type=\"widget\" data-widget_type=\"heading.default\">\n\t\t\t\t<div class=\"elementor-widget-container\">\n\t\t\t<h2 class=\"elementor-heading-title elementor-size-default\">Merlin Seeman<\/h2>\t\t<\/div>\n\t\t\t\t<\/div>\n\t\t\t\t<div class=\"elementor-element elementor-element-6b5d7f7b elementor-widget elementor-widget-heading\" data-id=\"6b5d7f7b\" data-element_type=\"widget\" data-widget_type=\"heading.default\">\n\t\t\t\t<div class=\"elementor-widget-container\">\n\t\t\t<h2 class=\"elementor-heading-title elementor-size-default\">Gr\u00fcnderin\/Mitglied der Gesch\u00e4ftsf\u00fchrung<\/h2>\t\t<\/div>\n\t\t\t\t<\/div>\n\t\t\t\t<div class=\"elementor-element elementor-element-691ec2d7 elementor-widget elementor-widget-text-editor\" data-id=\"691ec2d7\" data-element_type=\"widget\" data-widget_type=\"text-editor.default\">\n\t\t\t\t<div class=\"elementor-widget-container\">\n\t\t\t\t\t\t\t<p>.<\/p>\n\t\t\t\t\t\t<\/div>\n\t\t\t\t<\/div>\n\t\t\t\t<div class=\"elementor-element elementor-element-6b9bfe8a elementor-shape-rounded elementor-grid-0 e-grid-align-center elementor-widget elementor-widget-social-icons\" data-id=\"6b9bfe8a\" data-element_type=\"widget\" data-widget_type=\"social-icons.default\">\n\t\t\t\t<div class=\"elementor-widget-container\">\n\t\t\t\t\t<div class=\"elementor-social-icons-wrapper elementor-grid\">\n\t\t\t\t\t\t\t<span class=\"elementor-grid-item\">\n\t\t\t\t\t<a class=\"elementor-icon elementor-social-icon elementor-social-icon-linkedin-in elementor-animation-grow elementor-repeater-item-8b93740\" href=\"https:\/\/www.linkedin.com\/in\/merlin-salvik-53a89015\/\" target=\"_blank\" rel=\"noopener\">\n\t\t\t\t\t\t<span class=\"elementor-screen-only\">Linkedin-in<\/span>\n\t\t\t\t\t\t<i class=\"fab fa-linkedin-in\"><\/i>\t\t\t\t\t<\/a>\n\t\t\t\t<\/span>\n\t\t\t\t\t\t\t<span class=\"elementor-grid-item\">\n\t\t\t\t\t<a class=\"elementor-icon elementor-social-icon elementor-social-icon-envelope elementor-animation-grow elementor-repeater-item-db50dc9\" href=\"mailto:merlin.seeman@gdprregister.eu\" target=\"_blank\">\n\t\t\t\t\t\t<span class=\"elementor-screen-only\">Envelope<\/span>\n\t\t\t\t\t\t<i class=\"fas fa-envelope\"><\/i>\t\t\t\t\t<\/a>\n\t\t\t\t<\/span>\n\t\t\t\t\t<\/div>\n\t\t\t\t<\/div>\n\t\t\t\t<\/div>\n\t\t\t\t\t<\/div>\n\t\t<\/div>\n\t\t\t\t<div class=\"elementor-column elementor-col-33 elementor-top-column elementor-element elementor-element-bfe76b0\" data-id=\"bfe76b0\" data-element_type=\"column\">\n\t\t\t<div class=\"elementor-widget-wrap elementor-element-populated\">\n\t\t\t\t\t\t<div class=\"elementor-element elementor-element-517a013 elementor-widget elementor-widget-image\" data-id=\"517a013\" data-element_type=\"widget\" data-widget_type=\"image.default\">\n\t\t\t\t<div class=\"elementor-widget-container\">\n\t\t\t\t\t\t\t\t\t\t\t\t\t<img decoding=\"async\" width=\"670\" height=\"606\" src=\"https:\/\/old.gdprregister.eu\/wp-content\/uploads\/2023\/07\/ojaver.png\" class=\"elementor-animation-grow attachment-large size-large wp-image-19299\" alt=\"Andres Ojaver\" srcset=\"https:\/\/old.gdprregister.eu\/wp-content\/uploads\/2023\/07\/ojaver.png 670w, https:\/\/old.gdprregister.eu\/wp-content\/uploads\/2023\/07\/ojaver-300x271.png 300w\" sizes=\"(max-width: 670px) 100vw, 670px\" title=\"\">\t\t\t\t\t\t\t\t\t\t\t\t\t<\/div>\n\t\t\t\t<\/div>\n\t\t\t\t<div class=\"elementor-element elementor-element-d430067 elementor-widget elementor-widget-heading\" data-id=\"d430067\" data-element_type=\"widget\" data-widget_type=\"heading.default\">\n\t\t\t\t<div class=\"elementor-widget-container\">\n\t\t\t<h2 class=\"elementor-heading-title elementor-size-default\">Andres Ojaver<\/h2>\t\t<\/div>\n\t\t\t\t<\/div>\n\t\t\t\t<div class=\"elementor-element elementor-element-4fa71b9 elementor-widget elementor-widget-heading\" data-id=\"4fa71b9\" data-element_type=\"widget\" data-widget_type=\"heading.default\">\n\t\t\t\t<div class=\"elementor-widget-container\">\n\t\t\t<h2 class=\"elementor-heading-title elementor-size-default\">Fachlicher Datenschutzberater<\/h2>\t\t<\/div>\n\t\t\t\t<\/div>\n\t\t\t\t<div class=\"elementor-element elementor-element-8e7b782 elementor-widget elementor-widget-text-editor\" data-id=\"8e7b782\" data-element_type=\"widget\" data-widget_type=\"text-editor.default\">\n\t\t\t\t<div class=\"elementor-widget-container\">\n\t\t\t\t\t\t\t<p>.<\/p>\n\t\t\t\t\t\t<\/div>\n\t\t\t\t<\/div>\n\t\t\t\t<div class=\"elementor-element elementor-element-a74686c elementor-shape-rounded elementor-grid-0 e-grid-align-center elementor-widget elementor-widget-social-icons\" data-id=\"a74686c\" data-element_type=\"widget\" data-widget_type=\"social-icons.default\">\n\t\t\t\t<div class=\"elementor-widget-container\">\n\t\t\t\t\t<div class=\"elementor-social-icons-wrapper elementor-grid\">\n\t\t\t\t\t\t\t<span class=\"elementor-grid-item\">\n\t\t\t\t\t<a class=\"elementor-icon elementor-social-icon elementor-social-icon-linkedin-in elementor-animation-grow elementor-repeater-item-8b93740\" href=\"https:\/\/www.linkedin.com\/in\/andres-ojaver\/\" target=\"_blank\" rel=\"noopener\">\n\t\t\t\t\t\t<span class=\"elementor-screen-only\">Linkedin-in<\/span>\n\t\t\t\t\t\t<i class=\"fab fa-linkedin-in\"><\/i>\t\t\t\t\t<\/a>\n\t\t\t\t<\/span>\n\t\t\t\t\t\t\t<span class=\"elementor-grid-item\">\n\t\t\t\t\t<a class=\"elementor-icon elementor-social-icon elementor-social-icon-envelope elementor-animation-grow elementor-repeater-item-db50dc9\" href=\"mailto:andres.ojaver@gdprregister.eu\" target=\"_blank\">\n\t\t\t\t\t\t<span class=\"elementor-screen-only\">Envelope<\/span>\n\t\t\t\t\t\t<i class=\"fas fa-envelope\"><\/i>\t\t\t\t\t<\/a>\n\t\t\t\t<\/span>\n\t\t\t\t\t<\/div>\n\t\t\t\t<\/div>\n\t\t\t\t<\/div>\n\t\t\t\t\t<\/div>\n\t\t<\/div>\n\t\t\t\t\t<\/div>\n\t\t<\/section>\n\t\t\t\t<\/div>\n\t\t","protected":false},"excerpt":{"rendered":"<p>\u00dcber uns GDPR Register ist eine f\u00fchrende europ\u00e4ische Plattform zur Verwaltung von Datenschutzdokumenten, die es sich zur Aufgabe gemacht hat, den Alltag von Datenschutzteams jeder Unternehmensgr\u00f6\u00dfe effizienter und transparenter zu gestalten. Wir lieben Tabellenkalkulationen, aber diese sind nicht vergleichbar mit speziell entwickelten Tools zur Einhaltung der DSGVO wie GDPR Register, bei denen alle Daten miteinander [&hellip;]<\/p>\n","protected":false},"author":1,"featured_media":13327,"parent":0,"menu_order":0,"comment_status":"closed","ping_status":"closed","template":"","meta":{"_acf_changed":false,"footnotes":""},"class_list":["post-14137","page","type-page","status-publish","has-post-thumbnail","hentry"],"acf":[],"_links":{"self":[{"href":"https:\/\/old.gdprregister.eu\/de\/wp-json\/wp\/v2\/pages\/14137","targetHints":{"allow":["GET"]}}],"collection":[{"href":"https:\/\/old.gdprregister.eu\/de\/wp-json\/wp\/v2\/pages"}],"about":[{"href":"https:\/\/old.gdprregister.eu\/de\/wp-json\/wp\/v2\/types\/page"}],"author":[{"embeddable":true,"href":"https:\/\/old.gdprregister.eu\/de\/wp-json\/wp\/v2\/users\/1"}],"replies":[{"embeddable":true,"href":"https:\/\/old.gdprregister.eu\/de\/wp-json\/wp\/v2\/comments?post=14137"}],"version-history":[{"count":3,"href":"https:\/\/old.gdprregister.eu\/de\/wp-json\/wp\/v2\/pages\/14137\/revisions"}],"predecessor-version":[{"id":19311,"href":"https:\/\/old.gdprregister.eu\/de\/wp-json\/wp\/v2\/pages\/14137\/revisions\/19311"}],"wp:featuredmedia":[{"embeddable":true,"href":"https:\/\/old.gdprregister.eu\/de\/wp-json\/wp\/v2\/media\/13327"}],"wp:attachment":[{"href":"https:\/\/old.gdprregister.eu\/de\/wp-json\/wp\/v2\/media?parent=14137"}],"curies":[{"name":"wp","href":"https:\/\/api.w.org\/{rel}","templated":true}]}}