{"id":14139,"date":"2022-11-21T13:14:05","date_gmt":"2022-11-21T13:14:05","guid":{"rendered":"https:\/\/www.gdprregister.eu\/bloggen\/"},"modified":"2022-11-21T13:14:06","modified_gmt":"2022-11-21T13:14:06","slug":"bloggen","status":"publish","type":"page","link":"https:\/\/old.gdprregister.eu\/de\/bloggen\/","title":{"rendered":"Bloggen"},"content":{"rendered":"\t\t<div data-elementor-type=\"wp-post\" data-elementor-id=\"14139\" class=\"elementor elementor-14139 elementor-169 elementor-bc-flex-widget\" data-elementor-post-type=\"page\">\n\t\t\t\t\t\t<section class=\"elementor-section elementor-top-section elementor-element elementor-element-ozgh3zk elementor-section-boxed elementor-section-height-default elementor-section-height-default\" data-id=\"ozgh3zk\" data-element_type=\"section\">\n\t\t\t\t\t\t<div class=\"elementor-container elementor-column-gap-default\">\n\t\t\t\t\t<div class=\"elementor-column elementor-col-100 elementor-top-column elementor-element elementor-element-b2g2c97\" data-id=\"b2g2c97\" data-element_type=\"column\">\n\t\t\t<div class=\"elementor-widget-wrap elementor-element-populated\">\n\t\t\t\t\t\t<div class=\"elementor-element elementor-element-bv4ehr8 elementor-grid-4 elementor-grid-tablet-2 elementor-grid-mobile-1 elementor-posts--thumbnail-top elementor-card-shadow-yes elementor-posts__hover-gradient elementor-widget elementor-widget-posts\" data-id=\"bv4ehr8\" data-element_type=\"widget\" data-settings=\"{&quot;cards_columns&quot;:&quot;4&quot;,&quot;cards_columns_tablet&quot;:&quot;2&quot;,&quot;cards_columns_mobile&quot;:&quot;1&quot;,&quot;cards_row_gap&quot;:{&quot;unit&quot;:&quot;px&quot;,&quot;size&quot;:35,&quot;sizes&quot;:[]},&quot;cards_row_gap_tablet&quot;:{&quot;unit&quot;:&quot;px&quot;,&quot;size&quot;:&quot;&quot;,&quot;sizes&quot;:[]},&quot;cards_row_gap_mobile&quot;:{&quot;unit&quot;:&quot;px&quot;,&quot;size&quot;:&quot;&quot;,&quot;sizes&quot;:[]}}\" data-widget_type=\"posts.cards\">\n\t\t\t\t<div class=\"elementor-widget-container\">\n\t\t\t\t\t<div class=\"elementor-posts-container elementor-posts elementor-posts--skin-cards elementor-grid\">\n\t\t\t\t<article class=\"elementor-post elementor-grid-item post-14280 post type-post status-publish format-standard has-post-thumbnail hentry category-dsgvo\">\n\t\t\t<div class=\"elementor-post__card\">\n\t\t\t\t<a class=\"elementor-post__thumbnail__link\" href=\"https:\/\/old.gdprregister.eu\/de\/dsgvo\/auftragsverarbeitungsvertrag-avv\/\" tabindex=\"-1\"><div class=\"elementor-post__thumbnail\"><img fetchpriority=\"high\" decoding=\"async\" width=\"300\" height=\"200\" src=\"https:\/\/old.gdprregister.eu\/wp-content\/uploads\/2020\/09\/data-processing-agreement-300x200.jpg\" class=\"attachment-medium size-medium wp-image-13961\" alt=\"\" srcset=\"https:\/\/old.gdprregister.eu\/wp-content\/uploads\/2020\/09\/data-processing-agreement-300x200.jpg 300w, https:\/\/old.gdprregister.eu\/wp-content\/uploads\/2020\/09\/data-processing-agreement-768x513.jpg 768w, https:\/\/old.gdprregister.eu\/wp-content\/uploads\/2020\/09\/data-processing-agreement-1024x684.jpg 1024w\" sizes=\"(max-width: 300px) 100vw, 300px\" title=\"\"><\/div><\/a>\n\t\t\t\t<div class=\"elementor-post__text\">\n\t\t\t\t<h3 class=\"elementor-post__title\">\n\t\t\t<a href=\"https:\/\/old.gdprregister.eu\/de\/dsgvo\/auftragsverarbeitungsvertrag-avv\/\">\n\t\t\t\tAuftragsverarbeitungsvertrag (AVV)\t\t\t<\/a>\n\t\t<\/h3>\n\t\t\t\t<div class=\"elementor-post__excerpt\">\n\t\t\t<p>Was ist ein Auftragsverarbeitungsvertrag (AVV)? Ein Auftragsverarbeitungsvertrag (AVV) ist ein rechtsverbindliches Dokument, das zwischen dem f\u00fcr die Verarbeitung Verantwortlichen und dem Auftragsverarbeiter in schriftlicher oder<\/p>\n\t\t<\/div>\n\t\t\n\t\t<a class=\"elementor-post__read-more\" href=\"https:\/\/old.gdprregister.eu\/de\/dsgvo\/auftragsverarbeitungsvertrag-avv\/\" aria-label=\"Mehr \u00fcber Auftragsverarbeitungsvertrag (AVV)\" tabindex=\"-1\">\n\t\t\tWeiterlesen \u00bb\t\t<\/a>\n\n\t\t\t\t<\/div>\n\t\t\t\t<div class=\"elementor-post__meta-data\">\n\t\t\t\t\t<span class=\"elementor-post-date\">\n\t\t\tDezember 5, 2022\t\t<\/span>\n\t\t\t\t<span class=\"elementor-post-avatar\">\n\t\t\tKeine Kommentare\t\t<\/span>\n\t\t\t\t<\/div>\n\t\t\t\t\t<\/div>\n\t\t<\/article>\n\t\t\t\t<article class=\"elementor-post elementor-grid-item post-14278 post type-post status-publish format-standard has-post-thumbnail hentry category-dsgvo\">\n\t\t\t<div class=\"elementor-post__card\">\n\t\t\t\t<a class=\"elementor-post__thumbnail__link\" href=\"https:\/\/old.gdprregister.eu\/de\/dsgvo\/verzeichnisse-von-verarbeitungstaetigkeiten\/\" tabindex=\"-1\"><div class=\"elementor-post__thumbnail\"><img decoding=\"async\" width=\"300\" height=\"180\" src=\"https:\/\/old.gdprregister.eu\/wp-content\/uploads\/2020\/10\/Article-30-3-300x180.png\" class=\"attachment-medium size-medium wp-image-14007\" alt=\"\" srcset=\"https:\/\/old.gdprregister.eu\/wp-content\/uploads\/2020\/10\/Article-30-3-300x180.png 300w, https:\/\/old.gdprregister.eu\/wp-content\/uploads\/2020\/10\/Article-30-3-768x462.png 768w, https:\/\/old.gdprregister.eu\/wp-content\/uploads\/2020\/10\/Article-30-3-1024x616.png 1024w, https:\/\/old.gdprregister.eu\/wp-content\/uploads\/2020\/10\/Article-30-3.png 1470w\" sizes=\"(max-width: 300px) 100vw, 300px\" title=\"\"><\/div><\/a>\n\t\t\t\t<div class=\"elementor-post__text\">\n\t\t\t\t<h3 class=\"elementor-post__title\">\n\t\t\t<a href=\"https:\/\/old.gdprregister.eu\/de\/dsgvo\/verzeichnisse-von-verarbeitungstaetigkeiten\/\">\n\t\t\t\tVerzeichnisse von Verarbeitungst\u00e4tigkeiten gem\u00e4\u00df Artikel 30 der DSGVO\t\t\t<\/a>\n\t\t<\/h3>\n\t\t\t\t<div class=\"elementor-post__excerpt\">\n\t\t\t<p>Was sind die Verzeichnisse von Verarbeitungst\u00e4tigkeiten (VVT)? Artikel 30 der Datenschutz-Grundverordnung (DSGVO) der EU verpflichtet Organisationen, interne Aufzeichnungen zu f\u00fchren, die Informationen \u00fcber alle von<\/p>\n\t\t<\/div>\n\t\t\n\t\t<a class=\"elementor-post__read-more\" href=\"https:\/\/old.gdprregister.eu\/de\/dsgvo\/verzeichnisse-von-verarbeitungstaetigkeiten\/\" aria-label=\"Mehr \u00fcber Verzeichnisse von Verarbeitungst\u00e4tigkeiten gem\u00e4\u00df Artikel 30 der DSGVO\" tabindex=\"-1\">\n\t\t\tWeiterlesen \u00bb\t\t<\/a>\n\n\t\t\t\t<\/div>\n\t\t\t\t<div class=\"elementor-post__meta-data\">\n\t\t\t\t\t<span class=\"elementor-post-date\">\n\t\t\tDezember 5, 2022\t\t<\/span>\n\t\t\t\t<span class=\"elementor-post-avatar\">\n\t\t\tKeine Kommentare\t\t<\/span>\n\t\t\t\t<\/div>\n\t\t\t\t\t<\/div>\n\t\t<\/article>\n\t\t\t\t<article class=\"elementor-post elementor-grid-item post-14224 post type-post status-publish format-standard has-post-thumbnail hentry category-dsgvo\">\n\t\t\t<div class=\"elementor-post__card\">\n\t\t\t\t<a class=\"elementor-post__thumbnail__link\" href=\"https:\/\/old.gdprregister.eu\/de\/dsgvo\/10-grossartige-software-tools-zur-einhaltung-der-dsgvo-im-jahr-2022-uebersicht-preise\/\" tabindex=\"-1\"><div class=\"elementor-post__thumbnail\"><img decoding=\"async\" width=\"300\" height=\"138\" src=\"https:\/\/old.gdprregister.eu\/wp-content\/uploads\/2022\/02\/GDPR-Register-tools-front-page-wide-300x138.jpg\" class=\"attachment-medium size-medium wp-image-14775\" alt=\"GDPR Software\" srcset=\"https:\/\/old.gdprregister.eu\/wp-content\/uploads\/2022\/02\/GDPR-Register-tools-front-page-wide-300x138.jpg 300w, https:\/\/old.gdprregister.eu\/wp-content\/uploads\/2022\/02\/GDPR-Register-tools-front-page-wide.jpg 750w\" sizes=\"(max-width: 300px) 100vw, 300px\" title=\"\"><\/div><\/a>\n\t\t\t\t<div class=\"elementor-post__text\">\n\t\t\t\t<h3 class=\"elementor-post__title\">\n\t\t\t<a href=\"https:\/\/old.gdprregister.eu\/de\/dsgvo\/10-grossartige-software-tools-zur-einhaltung-der-dsgvo-im-jahr-2022-uebersicht-preise\/\">\n\t\t\t\t10 gro\u00dfartige Software-Tools zur Einhaltung der DSGVO im Jahr 2022 (\u00dcbersicht + Preise)\t\t\t<\/a>\n\t\t<\/h3>\n\t\t\t\t<div class=\"elementor-post__excerpt\">\n\t\t\t<p>In diesem Artikel stellen wir Ihnen einige n\u00fctzliche DSGVO-Tools vor, die Ihnen helfen k\u00f6nnen, die Einhaltung der DSGVO zu erreichen und aufrechtzuerhalten. Wir werden uns<\/p>\n\t\t<\/div>\n\t\t\n\t\t<a class=\"elementor-post__read-more\" href=\"https:\/\/old.gdprregister.eu\/de\/dsgvo\/10-grossartige-software-tools-zur-einhaltung-der-dsgvo-im-jahr-2022-uebersicht-preise\/\" aria-label=\"Mehr \u00fcber 10 gro\u00dfartige Software-Tools zur Einhaltung der DSGVO im Jahr 2022 (\u00dcbersicht + Preise)\" tabindex=\"-1\">\n\t\t\tWeiterlesen \u00bb\t\t<\/a>\n\n\t\t\t\t<\/div>\n\t\t\t\t<div class=\"elementor-post__meta-data\">\n\t\t\t\t\t<span class=\"elementor-post-date\">\n\t\t\tNovember 24, 2022\t\t<\/span>\n\t\t\t\t<span class=\"elementor-post-avatar\">\n\t\t\tKeine Kommentare\t\t<\/span>\n\t\t\t\t<\/div>\n\t\t\t\t\t<\/div>\n\t\t<\/article>\n\t\t\t\t<\/div>\n\t\t\n\t\t\t\t<\/div>\n\t\t\t\t<\/div>\n\t\t\t\t\t<\/div>\n\t\t<\/div>\n\t\t\t\t\t<\/div>\n\t\t<\/section>\n\t\t\t\t<\/div>\n\t\t","protected":false},"excerpt":{"rendered":"","protected":false},"author":1,"featured_media":0,"parent":0,"menu_order":0,"comment_status":"closed","ping_status":"closed","template":"","meta":{"_acf_changed":false,"footnotes":""},"class_list":["post-14139","page","type-page","status-publish","hentry"],"acf":[],"_links":{"self":[{"href":"https:\/\/old.gdprregister.eu\/de\/wp-json\/wp\/v2\/pages\/14139","targetHints":{"allow":["GET"]}}],"collection":[{"href":"https:\/\/old.gdprregister.eu\/de\/wp-json\/wp\/v2\/pages"}],"about":[{"href":"https:\/\/old.gdprregister.eu\/de\/wp-json\/wp\/v2\/types\/page"}],"author":[{"embeddable":true,"href":"https:\/\/old.gdprregister.eu\/de\/wp-json\/wp\/v2\/users\/1"}],"replies":[{"embeddable":true,"href":"https:\/\/old.gdprregister.eu\/de\/wp-json\/wp\/v2\/comments?post=14139"}],"version-history":[{"count":1,"href":"https:\/\/old.gdprregister.eu\/de\/wp-json\/wp\/v2\/pages\/14139\/revisions"}],"predecessor-version":[{"id":14140,"href":"https:\/\/old.gdprregister.eu\/de\/wp-json\/wp\/v2\/pages\/14139\/revisions\/14140"}],"wp:attachment":[{"href":"https:\/\/old.gdprregister.eu\/de\/wp-json\/wp\/v2\/media?parent=14139"}],"curies":[{"name":"wp","href":"https:\/\/api.w.org\/{rel}","templated":true}]}}