{"id":14315,"date":"2022-12-08T08:38:10","date_gmt":"2022-12-08T08:38:10","guid":{"rendered":"https:\/\/www.gdprregister.eu\/faq\/"},"modified":"2022-12-08T08:38:11","modified_gmt":"2022-12-08T08:38:11","slug":"faq","status":"publish","type":"page","link":"https:\/\/old.gdprregister.eu\/de\/faq\/","title":{"rendered":"FAQ"},"content":{"rendered":"<div  class=\"ewd-ufaq-faq-list ewd-ufaq-page-type-load_more\" id='ewd-ufaq-faq-list'>\n\n\t<input type='hidden' name='show_on_load' value='' id='ewd-ufaq-show-on-load' \/>\n<input type='hidden' name='include_category' value='' id='ewd-ufaq-include-category' \/>\n<input type='hidden' name='exclude_category' value='' id='ewd-ufaq-exclude-category' \/>\n<input type='hidden' name='orderby' value='date' id='ewd-ufaq-orderby' \/>\n<input type='hidden' name='order' value='desc' id='ewd-ufaq-order' \/>\n<input type='hidden' name='post_count' value='-1' id='ewd-ufaq-post-count' \/>\n<input type='hidden' name='current_url' value='\/de\/wp-json\/wp\/v2\/pages\/14315' id='ewd-ufaq-current-url' \/>\n\t\n\t\n\t<div class='ewd-ufaq-faqs'>\n\n\t\t<div  class=\"ewd-ufaq-faq-div ewd-ufaq-faq-column-count-one ewd-ufaq-faq-responsive-columns- ewd-ufaq-faq-display-style-one ewd-ufaq-can-be-toggled\" id='ewd-ufaq-post-14318-lia0Km2WNM' data-post_id='14318'>\n\n\t<div class='ewd-ufaq-faq-title ewd-ufaq-faq-toggle'>\n\t\n\t<a class='ewd-ufaq-post-margin'  href='#' role=\"button\">\n\n\t\t<div class='ewd-ufaq-post-margin-symbol ewd-ufaq-square'>\n\t\t\t<span >A<\/span>\n\t\t<\/div>\n\n\t\t<div class='ewd-ufaq-faq-title-text'>\n\n\t\t\t<h4>\n\t\t\t\tDSB \u2013 Datenschutzbeauftragter\t\t\t<\/h4>\n\n\t\t<\/div>\n\n\t\t<div class='ewd-ufaq-clear'><\/div>\n\n\t<\/a>\n\t\n<\/div>\n\t\n\t<div class='ewd-ufaq-faq-body ' >\n\n\t\t\n\t\t\t\n\t\t\n\t\t\t<div class='ewd-ufaq-post-margin ewd-ufaq-faq-post'>\n\t<p>\u201eDSB\u201c steht f\u00fcr Datenschutzbeauftragter. Die Rolle des Datenschutzbeauftragten (DSB) besteht darin, sicherzustellen, dass die Organisation die personenbezogenen Daten ihrer Mitarbeiter, Kunden, Anbieter oder anderer Personen in \u00dcbereinstimmung mit den geltenden Datenschutzbestimmungen verarbeitet. Datenschutzbeauftragte sind f\u00fcr die \u00dcberwachung der Datenschutzstrategie eines Unternehmens und deren Umsetzung verantwortlich, um die Einhaltung der Anforderungen der DSGVO sicherzustellen.<\/p>\n<p>Der DSB unterst\u00fctzt die Organisation bei der \u00dcberwachung der internen Compliance, informiert und ber\u00e4t \u00fcber Datenschutzverpflichtungen, ber\u00e4t in Bezug auf Datenschutz-Folgenabsch\u00e4tzungen (DSFA) und fungiert als Ansprechpartner f\u00fcr betroffene Personen und die Aufsichtsbeh\u00f6rde.<\/p>\n<\/div>\n\t\t\n\t\t\t<div class='ewd-ufaq-faq-custom-fields'>\n\n\t\n<\/div>\n\t\t\n\t\t\t\n\t\t\n\t\t\t\n\t\t\n\t\t\t\n\t\t\n\t\t\t\n\t\t\n\t\t\t\n\t\t\n\t\t\t\n\t\t\n\t\t\t\n\t\t\n\t<\/div>\n\n<\/div>\n\t<\/div>\n\n\t\n<\/div>","protected":false},"excerpt":{"rendered":"<p>A DSB \u2013 Datenschutzbeauftragter \u201eDSB\u201c steht f\u00fcr Datenschutzbeauftragter. Die Rolle des Datenschutzbeauftragten (DSB) besteht darin, sicherzustellen, dass die Organisation die personenbezogenen Daten ihrer Mitarbeiter, Kunden, Anbieter oder anderer Personen in \u00dcbereinstimmung mit den geltenden Datenschutzbestimmungen verarbeitet. Datenschutzbeauftragte sind f\u00fcr die \u00dcberwachung der Datenschutzstrategie eines Unternehmens und deren Umsetzung verantwortlich, um die Einhaltung der Anforderungen der [&hellip;]<\/p>\n","protected":false},"author":1,"featured_media":0,"parent":0,"menu_order":0,"comment_status":"closed","ping_status":"closed","template":"","meta":{"_acf_changed":false,"footnotes":""},"class_list":["post-14315","page","type-page","status-publish","hentry"],"acf":[],"_links":{"self":[{"href":"https:\/\/old.gdprregister.eu\/de\/wp-json\/wp\/v2\/pages\/14315","targetHints":{"allow":["GET"]}}],"collection":[{"href":"https:\/\/old.gdprregister.eu\/de\/wp-json\/wp\/v2\/pages"}],"about":[{"href":"https:\/\/old.gdprregister.eu\/de\/wp-json\/wp\/v2\/types\/page"}],"author":[{"embeddable":true,"href":"https:\/\/old.gdprregister.eu\/de\/wp-json\/wp\/v2\/users\/1"}],"replies":[{"embeddable":true,"href":"https:\/\/old.gdprregister.eu\/de\/wp-json\/wp\/v2\/comments?post=14315"}],"version-history":[{"count":1,"href":"https:\/\/old.gdprregister.eu\/de\/wp-json\/wp\/v2\/pages\/14315\/revisions"}],"predecessor-version":[{"id":14316,"href":"https:\/\/old.gdprregister.eu\/de\/wp-json\/wp\/v2\/pages\/14315\/revisions\/14316"}],"wp:attachment":[{"href":"https:\/\/old.gdprregister.eu\/de\/wp-json\/wp\/v2\/media?parent=14315"}],"curies":[{"name":"wp","href":"https:\/\/api.w.org\/{rel}","templated":true}]}}