{"id":6487,"date":"2018-09-25T22:11:09","date_gmt":"2018-09-25T22:11:09","guid":{"rendered":"https:\/\/www.gdprregister.eu\/uudised\/"},"modified":"2023-01-24T09:04:44","modified_gmt":"2023-01-24T09:04:44","slug":"uudised","status":"publish","type":"page","link":"https:\/\/old.gdprregister.eu\/et\/uudised\/","title":{"rendered":"Uudised"},"content":{"rendered":"\t\t<div data-elementor-type=\"wp-post\" data-elementor-id=\"6487\" class=\"elementor elementor-6487 elementor-6298\" data-elementor-post-type=\"page\">\n\t\t\t\t\t\t<section class=\"elementor-section elementor-top-section elementor-element elementor-element-7d8353bf elementor-section-height-min-height elementor-section-boxed elementor-section-height-default elementor-section-items-middle\" data-id=\"7d8353bf\" data-element_type=\"section\" data-settings=\"{&quot;background_background&quot;:&quot;classic&quot;}\">\n\t\t\t\t\t\t<div class=\"elementor-container elementor-column-gap-default\">\n\t\t\t\t\t<div class=\"elementor-column elementor-col-50 elementor-top-column elementor-element elementor-element-35f12794\" data-id=\"35f12794\" data-element_type=\"column\">\n\t\t\t<div class=\"elementor-widget-wrap elementor-element-populated\">\n\t\t\t\t\t\t<div class=\"elementor-element elementor-element-65b5effa elementor-align-left elementor-widget elementor-widget-breadcrumbs\" data-id=\"65b5effa\" data-element_type=\"widget\" data-widget_type=\"breadcrumbs.default\">\n\t\t\t\t<div class=\"elementor-widget-container\">\n\t\t\t<nav aria-label=\"breadcrumbs\" class=\"rank-math-breadcrumb\"><p><span class=\"last\">Home<\/span><\/p><\/nav>\t\t<\/div>\n\t\t\t\t<\/div>\n\t\t\t\t\t<\/div>\n\t\t<\/div>\n\t\t\t\t<div class=\"elementor-column elementor-col-50 elementor-top-column elementor-element elementor-element-3aa0309d\" data-id=\"3aa0309d\" data-element_type=\"column\">\n\t\t\t<div class=\"elementor-widget-wrap elementor-element-populated\">\n\t\t\t\t\t\t<div class=\"elementor-element elementor-element-cb78ecb elementor-widget elementor-widget-heading\" data-id=\"cb78ecb\" data-element_type=\"widget\" data-widget_type=\"heading.default\">\n\t\t\t\t<div class=\"elementor-widget-container\">\n\t\t\t<h2 class=\"elementor-heading-title elementor-size-default\">News<\/h2>\t\t<\/div>\n\t\t\t\t<\/div>\n\t\t\t\t\t<\/div>\n\t\t<\/div>\n\t\t\t\t\t<\/div>\n\t\t<\/section>\n\t\t\t\t<section class=\"elementor-section elementor-top-section elementor-element elementor-element-1dbc54ab elementor-section-boxed elementor-section-height-default elementor-section-height-default\" data-id=\"1dbc54ab\" data-element_type=\"section\">\n\t\t\t\t\t\t<div class=\"elementor-container elementor-column-gap-default\">\n\t\t\t\t\t<div class=\"elementor-column elementor-col-100 elementor-top-column elementor-element elementor-element-b65482a\" data-id=\"b65482a\" data-element_type=\"column\">\n\t\t\t<div class=\"elementor-widget-wrap elementor-element-populated\">\n\t\t\t\t\t\t<div class=\"elementor-element elementor-element-d3cdadc elementor-widget elementor-widget-shortcode\" data-id=\"d3cdadc\" data-element_type=\"widget\" data-widget_type=\"shortcode.default\">\n\t\t\t\t<div class=\"elementor-widget-container\">\n\t\t\t\t\t<div class=\"elementor-shortcode\">\r\n<div id=\"wpnaw-news-1\" class=\"wpnaw-wrap wpnaw-gridbox-main design-1  wpnaw-image-fit wpnaw-clearfix\">\r\n    \t<div class=\"wpnews-medium-6 wpnaw-news-inner-wrap wpnews-columns wpnaw-left-block\">\r\n\t\t\t\t\t<div class=\"wpnaw-news-image-bg\" style=\"\">\r\n\t\t\t\t<a href=\"https:\/\/old.gdprregister.eu\/et\/news\/eesti-andmekaitseidu-votab-gdpri-nouete-taitmiseks-appi-tehisaru\/\" target=\"_self\">\r\n\t\t\t\t\t<img decoding=\"async\" class=\"wpnaw-post-img\" src=\"https:\/\/old.gdprregister.eu\/wp-content\/uploads\/2024\/04\/Krete-Paal-pilt-small-size-1024x683.jpg\" alt=\"Eesti andmekaitseidu v\u00f5tab GDPRi n\u00f5uete t\u00e4itmiseks appi tehisaru\" title=\"\">\r\n\t\t\t\t<\/a>\r\n\t\t\t<\/div>\r\n\t\t\t\t\t<div class=\"wpnaw-news-categories\"><a href=\"https:\/\/old.gdprregister.eu\/et\/news-category\/gdpr-et\/\" target=\"_self\">GDPR<\/a> <a href=\"https:\/\/old.gdprregister.eu\/et\/news-category\/technology-et\/\" target=\"_self\">Technology<\/a><\/div>\r\n\t\t\t\t\t<h2 class=\"wpnaw-news-title\">\r\n\t\t\t\t<a href=\"https:\/\/old.gdprregister.eu\/et\/news\/eesti-andmekaitseidu-votab-gdpri-nouete-taitmiseks-appi-tehisaru\/\" target=\"_self\">Eesti andmekaitseidu v\u00f5tab GDPRi n\u00f5uete t\u00e4itmiseks appi tehisaru<\/a>\r\n\t\t\t<\/h2>\r\n\t\t\t\t\t<div class=\"wpnaw-news-date\">\r\n\t\t\t\t<span>By <a href=\"https:\/\/old.gdprregister.eu\/et\/author\/alex\/\" target=\"_self\">Alex Luik<\/a><\/span>&nbsp;\/&nbsp;aprill 22, 2024\t\t\t<\/div>\r\n\t\t\t\t\t<div class=\"wpnaw-news-content\">\r\n\t\t\t\t<div class=\"wpnaw-news-short-content\">Andmekaitse valdkonnas tegutsev Eesti iduettev\u00f5te GDPR Register arendab tehisintellektil p\u00f5hinevat lahendust, mis aitab ettev\u00f5tetel p\u00e4\u00e4seda ajamahukatest rutiinsetest kohustustest, mis tulenevad\u00a0andmekaitse...<\/div>\r\n\t\t\t\t\t\t\t\t\t<a href=\"https:\/\/old.gdprregister.eu\/et\/news\/eesti-andmekaitseidu-votab-gdpri-nouete-taitmiseks-appi-tehisaru\/\" target=\"_self\" class=\"readmorebtn\">Read More<\/a>\r\n\t\t\t\t\t\t\t<\/div>\r\n\t\t\t<\/div>\r\n\r\n\r\n\t<div class=\"wpnews-medium-6 wpnaw-news-inner-wrap wpnews-columns flotRight\">\r\n\t\t<div class=\"wpnaw-news-right-block wpnews-medium-12 wpnews-columns\">\r\n\t\t\t\t\t\t\t<div class=\"wpnews-s-medium-3 wpnews-columns\">\r\n\t\t\t\t\t<div class=\"wpnaw-news-image-bg\">\r\n\t\t\t\t\t\t<a href=\"https:\/\/old.gdprregister.eu\/et\/news\/euroopa-liidu-uued-direktiivid-teevad-eesti-ettevotjate-elu-taas-keerulisemaks\/\" target=\"_self\">\r\n\t\t\t\t\t\t\t<img decoding=\"async\" class=\"wpnaw-post-img\" src=\"https:\/\/old.gdprregister.eu\/wp-content\/uploads\/2024\/03\/guy-2617866_1280-300x200.jpg\" alt=\"Euroopa Liidu uued direktiivid teevad Eesti ettev\u00f5tjate elu taas keerulisemaks\" title=\"\">\r\n\t\t\t\t\t\t<\/a>\r\n\t\t\t\t\t<\/div>\r\n\t\t\t\t<\/div>\r\n\t\t\t\r\n\t\t\t<div class=\"wpnews-s-medium-9 wpnews-columns \">\r\n\t\t\t\t\t\t\t\t\t<div class=\"wpnaw-news-categories\"><a href=\"https:\/\/old.gdprregister.eu\/et\/news-category\/gdpr-et\/\" target=\"_self\">GDPR<\/a> <a href=\"https:\/\/old.gdprregister.eu\/et\/news-category\/personal-data-et\/\" target=\"_self\">Personal Data<\/a><\/div>\r\n\t\t\t\t\t\t\t\t\t<h3 class=\"wpnaw-news-title\">\r\n\t\t\t\t\t\t<a href=\"https:\/\/old.gdprregister.eu\/et\/news\/euroopa-liidu-uued-direktiivid-teevad-eesti-ettevotjate-elu-taas-keerulisemaks\/\" target=\"_self\">Euroopa Liidu uued direktiivid teevad Eesti ettev\u00f5tjate elu taas keerulisemaks<\/a>\r\n\t\t\t\t\t<\/h3>\r\n\t\t\t\t\t\t\t\t\t<div class=\"wpnaw-news-date\">\r\n\t\t\t\t\t\t<span>By <a href=\"https:\/\/old.gdprregister.eu\/et\/author\/alex\/\" target=\"_self\">Alex Luik<\/a><\/span>&nbsp;\/&nbsp;m\u00e4rts 13, 2024\t\t\t\t\t<\/div>\r\n\t\t\t\t\t\t\t\t\t<div class=\"wpnaw-news-content\">\r\n\t\t\t\t\t\t<div class=\"wpnaw-news-short-content\">Andmekaitse n\u00f5uded muutuvad Euroopa Liidus taaskord keerulisemaks ning Euroopa Kohus on asunud tegema m\u00e4rgilisi otsuseid andmekaitse tuleviku osas. Muudatuste m\u00f5just...<\/div>\r\n\t\t\t\t\t\t\t\t\t\t\t\t\t<a href=\"https:\/\/old.gdprregister.eu\/et\/news\/euroopa-liidu-uued-direktiivid-teevad-eesti-ettevotjate-elu-taas-keerulisemaks\/\" target=\"_self\" class=\"readmorebtn\">Read More<\/a>\r\n\t\t\t\t\t\t\t\t\t\t\t<\/div>\r\n\t\t\t\t\t\t\t<\/div>\r\n\t\t<\/div>\r\n\t<\/div>\r\n\r\n\t<div class=\"wpnews-medium-6 wpnaw-news-inner-wrap wpnews-columns flotRight\">\r\n\t\t<div class=\"wpnaw-news-right-block wpnews-medium-12 wpnews-columns\">\r\n\t\t\t\t\t\t\t<div class=\"wpnews-s-medium-3 wpnews-columns\">\r\n\t\t\t\t\t<div class=\"wpnaw-news-image-bg\">\r\n\t\t\t\t\t\t<a href=\"https:\/\/old.gdprregister.eu\/et\/news\/andmekaitseidu-juht-aasta-toob-andmekaitse-valdkonda-margilised-muudatused\/\" target=\"_self\">\r\n\t\t\t\t\t\t\t<img decoding=\"async\" class=\"wpnaw-post-img\" src=\"https:\/\/old.gdprregister.eu\/wp-content\/uploads\/2024\/03\/fingerprint-979598_1280-300x212.jpg\" alt=\"Andmekaitseidu juht: Aasta toob andmekaitse valdkonda m\u00e4rgilised muudatused\" title=\"\">\r\n\t\t\t\t\t\t<\/a>\r\n\t\t\t\t\t<\/div>\r\n\t\t\t\t<\/div>\r\n\t\t\t\r\n\t\t\t<div class=\"wpnews-s-medium-9 wpnews-columns \">\r\n\t\t\t\t\t\t\t\t\t<div class=\"wpnaw-news-categories\"><a href=\"https:\/\/old.gdprregister.eu\/et\/news-category\/cyber-security-et\/\" target=\"_self\">Cyber Security<\/a> <a href=\"https:\/\/old.gdprregister.eu\/et\/news-category\/gdpr-et\/\" target=\"_self\">GDPR<\/a> <a href=\"https:\/\/old.gdprregister.eu\/et\/news-category\/personal-data-et\/\" target=\"_self\">Personal Data<\/a><\/div>\r\n\t\t\t\t\t\t\t\t\t<h3 class=\"wpnaw-news-title\">\r\n\t\t\t\t\t\t<a href=\"https:\/\/old.gdprregister.eu\/et\/news\/andmekaitseidu-juht-aasta-toob-andmekaitse-valdkonda-margilised-muudatused\/\" target=\"_self\">Andmekaitseidu juht: Aasta toob andmekaitse valdkonda m\u00e4rgilised muudatused<\/a>\r\n\t\t\t\t\t<\/h3>\r\n\t\t\t\t\t\t\t\t\t<div class=\"wpnaw-news-date\">\r\n\t\t\t\t\t\t<span>By <a href=\"https:\/\/old.gdprregister.eu\/et\/author\/alex\/\" target=\"_self\">Alex Luik<\/a><\/span>&nbsp;\/&nbsp;m\u00e4rts 13, 2024\t\t\t\t\t<\/div>\r\n\t\t\t\t\t\t\t\t\t<div class=\"wpnaw-news-content\">\r\n\t\t\t\t\t\t<div class=\"wpnaw-news-short-content\">28. jaanuar oli rahvusvaheline andmekaitse p\u00e4ev, mis meenutab, et andmekaitse on igap\u00e4evane kohustus\u00a0igas isikuandmeid t\u00f6\u00f6tlevas ettev\u00f5ttes. Sel aastal on andmekaitse...<\/div>\r\n\t\t\t\t\t\t\t\t\t\t\t\t\t<a href=\"https:\/\/old.gdprregister.eu\/et\/news\/andmekaitseidu-juht-aasta-toob-andmekaitse-valdkonda-margilised-muudatused\/\" target=\"_self\" class=\"readmorebtn\">Read More<\/a>\r\n\t\t\t\t\t\t\t\t\t\t\t<\/div>\r\n\t\t\t\t\t\t\t<\/div>\r\n\t\t<\/div>\r\n\t<\/div>\r\n\r\n\t<div class=\"wpnews-medium-6 wpnaw-news-inner-wrap wpnews-columns flotRight\">\r\n\t\t<div class=\"wpnaw-news-right-block wpnews-medium-12 wpnews-columns\">\r\n\t\t\t\t\t\t\t<div class=\"wpnews-s-medium-3 wpnews-columns\">\r\n\t\t\t\t\t<div class=\"wpnaw-news-image-bg\">\r\n\t\t\t\t\t\t<a href=\"https:\/\/old.gdprregister.eu\/et\/news\/andmekaitseidu-juht-eksimus-isikuandmete-tootlemisel-voib-tuua-aritegevuse-keelu\/\" target=\"_self\">\r\n\t\t\t\t\t\t\t<img decoding=\"async\" class=\"wpnaw-post-img\" src=\"https:\/\/old.gdprregister.eu\/wp-content\/uploads\/2023\/11\/gdpr-reg-newww-300x199.jpg\" alt=\"Andmekaitseidu juht: Eksimus isikuandmete t\u00f6\u00f6tlemisel v\u00f5ib tuua \u00e4ritegevuse keelu\" title=\"\">\r\n\t\t\t\t\t\t<\/a>\r\n\t\t\t\t\t<\/div>\r\n\t\t\t\t<\/div>\r\n\t\t\t\r\n\t\t\t<div class=\"wpnews-s-medium-9 wpnews-columns \">\r\n\t\t\t\t\t\t\t\t\t<div class=\"wpnaw-news-categories\"><a href=\"https:\/\/old.gdprregister.eu\/et\/news-category\/gdpr-et\/\" target=\"_self\">GDPR<\/a> <a href=\"https:\/\/old.gdprregister.eu\/et\/news-category\/personal-data-et\/\" target=\"_self\">Personal Data<\/a> <a href=\"https:\/\/old.gdprregister.eu\/et\/news-category\/technology-et\/\" target=\"_self\">Technology<\/a><\/div>\r\n\t\t\t\t\t\t\t\t\t<h3 class=\"wpnaw-news-title\">\r\n\t\t\t\t\t\t<a href=\"https:\/\/old.gdprregister.eu\/et\/news\/andmekaitseidu-juht-eksimus-isikuandmete-tootlemisel-voib-tuua-aritegevuse-keelu\/\" target=\"_self\">Andmekaitseidu juht: Eksimus isikuandmete t\u00f6\u00f6tlemisel v\u00f5ib tuua \u00e4ritegevuse keelu<\/a>\r\n\t\t\t\t\t<\/h3>\r\n\t\t\t\t\t\t\t\t\t<div class=\"wpnaw-news-date\">\r\n\t\t\t\t\t\t<span>By <a href=\"https:\/\/old.gdprregister.eu\/et\/author\/alex\/\" target=\"_self\">Alex Luik<\/a><\/span>&nbsp;\/&nbsp;november 28, 2023\t\t\t\t\t<\/div>\r\n\t\t\t\t\t\t\t\t\t<div class=\"wpnaw-news-content\">\r\n\t\t\t\t\t\t<div class=\"wpnaw-news-short-content\">Andmekaitse \u00fcldm\u00e4\u00e4ruse (GDPR) trahvidest on r\u00e4\u00e4gitud palju, kuid paljud ettev\u00f5tjad ei tea, et trahvist suurema m\u00f5juga v\u00f5ib olla hoopis tegevuse...<\/div>\r\n\t\t\t\t\t\t\t\t\t\t\t\t\t<a href=\"https:\/\/old.gdprregister.eu\/et\/news\/andmekaitseidu-juht-eksimus-isikuandmete-tootlemisel-voib-tuua-aritegevuse-keelu\/\" target=\"_self\" class=\"readmorebtn\">Read More<\/a>\r\n\t\t\t\t\t\t\t\t\t\t\t<\/div>\r\n\t\t\t\t\t\t\t<\/div>\r\n\t\t<\/div>\r\n\t<\/div>\r\n\r\n\t<div class=\"wpnews-medium-6 wpnaw-news-inner-wrap wpnews-columns flotRight\">\r\n\t\t<div class=\"wpnaw-news-right-block wpnews-medium-12 wpnews-columns\">\r\n\t\t\t\t\t\t\t<div class=\"wpnews-s-medium-3 wpnews-columns\">\r\n\t\t\t\t\t<div class=\"wpnaw-news-image-bg\">\r\n\t\t\t\t\t\t<a href=\"https:\/\/old.gdprregister.eu\/et\/news\/gdpr-trahvide-uus-rekord-ule-nelja-miljardi-euro-trahve\/\" target=\"_self\">\r\n\t\t\t\t\t\t\t<img decoding=\"async\" class=\"wpnaw-post-img\" src=\"https:\/\/old.gdprregister.eu\/wp-content\/uploads\/2023\/10\/gdpr-3518254_1280-300x200.jpg\" alt=\"GDPR trahvide uus rekord: \u00fcle nelja miljardi euro trahve\" title=\"\">\r\n\t\t\t\t\t\t<\/a>\r\n\t\t\t\t\t<\/div>\r\n\t\t\t\t<\/div>\r\n\t\t\t\r\n\t\t\t<div class=\"wpnews-s-medium-9 wpnews-columns \">\r\n\t\t\t\t\t\t\t\t\t<div class=\"wpnaw-news-categories\"><a href=\"https:\/\/old.gdprregister.eu\/et\/news-category\/fines-et\/\" target=\"_self\">Fines<\/a> <a href=\"https:\/\/old.gdprregister.eu\/et\/news-category\/gdpr-et\/\" target=\"_self\">GDPR<\/a> <a href=\"https:\/\/old.gdprregister.eu\/et\/news-category\/personal-data-et\/\" target=\"_self\">Personal Data<\/a> <a href=\"https:\/\/old.gdprregister.eu\/et\/news-category\/technology-et\/\" target=\"_self\">Technology<\/a><\/div>\r\n\t\t\t\t\t\t\t\t\t<h3 class=\"wpnaw-news-title\">\r\n\t\t\t\t\t\t<a href=\"https:\/\/old.gdprregister.eu\/et\/news\/gdpr-trahvide-uus-rekord-ule-nelja-miljardi-euro-trahve\/\" target=\"_self\">GDPR trahvide uus rekord: \u00fcle nelja miljardi euro trahve<\/a>\r\n\t\t\t\t\t<\/h3>\r\n\t\t\t\t\t\t\t\t\t<div class=\"wpnaw-news-date\">\r\n\t\t\t\t\t\t<span>By <a href=\"https:\/\/old.gdprregister.eu\/et\/author\/alex\/\" target=\"_self\">Alex Luik<\/a><\/span>&nbsp;\/&nbsp;oktoober 31, 2023\t\t\t\t\t<\/div>\r\n\t\t\t\t\t\t\t\t\t<div class=\"wpnaw-news-content\">\r\n\t\t\t\t\t\t<div class=\"wpnaw-news-short-content\">Andmekaitseasutused koguvad Euroopas enesekindlust ja v\u00f5imekust, mis paistab v\u00e4lja ka rikkujate karistamise statistikas. Sel aastal m\u00e4\u00e4ras Iirimaa Facebookile rekordtrahvi ning...<\/div>\r\n\t\t\t\t\t\t\t\t\t\t\t\t\t<a href=\"https:\/\/old.gdprregister.eu\/et\/news\/gdpr-trahvide-uus-rekord-ule-nelja-miljardi-euro-trahve\/\" target=\"_self\" class=\"readmorebtn\">Read More<\/a>\r\n\t\t\t\t\t\t\t\t\t\t\t<\/div>\r\n\t\t\t\t\t\t\t<\/div>\r\n\t\t<\/div>\r\n\t<\/div>\r\n\r\n\t<div class=\"wpnews-medium-6 wpnaw-news-inner-wrap wpnews-columns flotRight\">\r\n\t\t<div class=\"wpnaw-news-right-block wpnews-medium-12 wpnews-columns\">\r\n\t\t\t\t\t\t\t<div class=\"wpnews-s-medium-3 wpnews-columns\">\r\n\t\t\t\t\t<div class=\"wpnaw-news-image-bg\">\r\n\t\t\t\t\t\t<a href=\"https:\/\/old.gdprregister.eu\/et\/news\/eesti-ettevotteid-voivad-oodata-ees-hiiglaslikud-andmekaitsetrahvid\/\" target=\"_self\">\r\n\t\t\t\t\t\t\t<img decoding=\"async\" class=\"wpnaw-post-img\" src=\"https:\/\/old.gdprregister.eu\/wp-content\/uploads\/2023\/10\/security-5199236_1280-300x200.jpg\" alt=\"Eesti ettev\u00f5tteid v\u00f5ivad oodata ees hiiglaslikud andmekaitsetrahvid\" title=\"\">\r\n\t\t\t\t\t\t<\/a>\r\n\t\t\t\t\t<\/div>\r\n\t\t\t\t<\/div>\r\n\t\t\t\r\n\t\t\t<div class=\"wpnews-s-medium-9 wpnews-columns \">\r\n\t\t\t\t\t\t\t\t\t<h3 class=\"wpnaw-news-title\">\r\n\t\t\t\t\t\t<a href=\"https:\/\/old.gdprregister.eu\/et\/news\/eesti-ettevotteid-voivad-oodata-ees-hiiglaslikud-andmekaitsetrahvid\/\" target=\"_self\">Eesti ettev\u00f5tteid v\u00f5ivad oodata ees hiiglaslikud andmekaitsetrahvid<\/a>\r\n\t\t\t\t\t<\/h3>\r\n\t\t\t\t\t\t\t\t\t<div class=\"wpnaw-news-date\">\r\n\t\t\t\t\t\t<span>By <a href=\"https:\/\/old.gdprregister.eu\/et\/author\/alex\/\" target=\"_self\">Alex Luik<\/a><\/span>&nbsp;\/&nbsp;oktoober 31, 2023\t\t\t\t\t<\/div>\r\n\t\t\t\t\t\t\t\t\t<div class=\"wpnaw-news-content\">\r\n\t\t\t\t\t\t<div class=\"wpnaw-news-short-content\">Alates 1. novembrist j\u00f5ustuvad karistusseadustiku ja teiste seaduste muudatused, mis muudab Andmekaitse Inspektsiooni jaoks ettev\u00f5tete trahvimise andmekaitse n\u00f5uete rikkumise eest...<\/div>\r\n\t\t\t\t\t\t\t\t\t\t\t\t\t<a href=\"https:\/\/old.gdprregister.eu\/et\/news\/eesti-ettevotteid-voivad-oodata-ees-hiiglaslikud-andmekaitsetrahvid\/\" target=\"_self\" class=\"readmorebtn\">Read More<\/a>\r\n\t\t\t\t\t\t\t\t\t\t\t<\/div>\r\n\t\t\t\t\t\t\t<\/div>\r\n\t\t<\/div>\r\n\t<\/div>\r\n\r\n<\/div><\/div>\n\t\t\t\t<\/div>\n\t\t\t\t<\/div>\n\t\t\t\t\t<\/div>\n\t\t<\/div>\n\t\t\t\t\t<\/div>\n\t\t<\/section>\n\t\t\t\t<\/div>\n\t\t","protected":false},"excerpt":{"rendered":"","protected":false},"author":1,"featured_media":0,"parent":0,"menu_order":0,"comment_status":"closed","ping_status":"closed","template":"","meta":{"_acf_changed":false,"footnotes":""},"class_list":["post-6487","page","type-page","status-publish","hentry"],"acf":[],"_links":{"self":[{"href":"https:\/\/old.gdprregister.eu\/et\/wp-json\/wp\/v2\/pages\/6487","targetHints":{"allow":["GET"]}}],"collection":[{"href":"https:\/\/old.gdprregister.eu\/et\/wp-json\/wp\/v2\/pages"}],"about":[{"href":"https:\/\/old.gdprregister.eu\/et\/wp-json\/wp\/v2\/types\/page"}],"author":[{"embeddable":true,"href":"https:\/\/old.gdprregister.eu\/et\/wp-json\/wp\/v2\/users\/1"}],"replies":[{"embeddable":true,"href":"https:\/\/old.gdprregister.eu\/et\/wp-json\/wp\/v2\/comments?post=6487"}],"version-history":[{"count":1,"href":"https:\/\/old.gdprregister.eu\/et\/wp-json\/wp\/v2\/pages\/6487\/revisions"}],"predecessor-version":[{"id":6957,"href":"https:\/\/old.gdprregister.eu\/et\/wp-json\/wp\/v2\/pages\/6487\/revisions\/6957"}],"wp:attachment":[{"href":"https:\/\/old.gdprregister.eu\/et\/wp-json\/wp\/v2\/media?parent=6487"}],"curies":[{"name":"wp","href":"https:\/\/api.w.org\/{rel}","templated":true}]}}