{"id":765,"date":"2018-02-01T20:10:06","date_gmt":"2018-02-01T20:10:06","guid":{"rendered":"https:\/\/www.gdprregister.eu\/korduma-kippuvad-kusimused\/"},"modified":"2022-12-08T08:36:43","modified_gmt":"2022-12-08T08:36:43","slug":"korduma-kippuvad-kusimused","status":"publish","type":"page","link":"https:\/\/old.gdprregister.eu\/et\/korduma-kippuvad-kusimused\/","title":{"rendered":"Korduma kippuvad k\u00fcsimused"},"content":{"rendered":"<div  class=\"ewd-ufaq-faq-list ewd-ufaq-page-type-load_more\" id='ewd-ufaq-faq-list'>\n\n\t<input type='hidden' name='show_on_load' value='' id='ewd-ufaq-show-on-load' \/>\n<input type='hidden' name='include_category' value='' id='ewd-ufaq-include-category' \/>\n<input type='hidden' name='exclude_category' value='' id='ewd-ufaq-exclude-category' \/>\n<input type='hidden' name='orderby' value='date' id='ewd-ufaq-orderby' \/>\n<input type='hidden' name='order' value='desc' id='ewd-ufaq-order' \/>\n<input type='hidden' name='post_count' value='-1' id='ewd-ufaq-post-count' \/>\n<input type='hidden' name='current_url' value='\/et\/wp-json\/wp\/v2\/pages\/765' id='ewd-ufaq-current-url' \/>\n\t\n\t\n\t<div class='ewd-ufaq-faqs'>\n\n\t\t<div  class=\"ewd-ufaq-faq-div ewd-ufaq-faq-column-count-one ewd-ufaq-faq-responsive-columns- ewd-ufaq-faq-display-style-one ewd-ufaq-can-be-toggled\" id='ewd-ufaq-post-2262-SanAT8fMKs' data-post_id='2262'>\n\n\t<div class='ewd-ufaq-faq-title ewd-ufaq-faq-toggle'>\n\t\n\t<a class='ewd-ufaq-post-margin'  href='#' role=\"button\">\n\n\t\t<div class='ewd-ufaq-post-margin-symbol ewd-ufaq-square'>\n\t\t\t<span >A<\/span>\n\t\t<\/div>\n\n\t\t<div class='ewd-ufaq-faq-title-text'>\n\n\t\t\t<h4>\n\t\t\t\tMida peaksid ettev\u00f5tted ette v\u00f5tma?\t\t\t<\/h4>\n\n\t\t<\/div>\n\n\t\t<div class='ewd-ufaq-clear'><\/div>\n\n\t<\/a>\n\t\n<\/div>\n\t\n\t<div class='ewd-ufaq-faq-body ' >\n\n\t\t\n\t\t\t\n\t\t\n\t\t\t<div class='ewd-ufaq-post-margin ewd-ufaq-faq-post'>\n\t<p>Ettev\u00f5tted peavad l\u00e4bi vaatama andmet\u00f6\u00f6tlusega seotud toimingute konteksti, ulatuse ning eesm\u00e4rgid. Lisaks sellele tuleb hinnata andmet\u00f6\u00f6tlusest tulenevat riski isikutele, kelle andmeid t\u00f6\u00f6deldakse. Andmekaitsem\u00e4\u00e4rusega koosk\u00f5las olemiseks peavad ettev\u00f5tted rakendama vastavaid tehnilisi ja organisatoorseid meetmeid.<\/p>\n<\/div>\n\t\t\n\t\t\t<div class='ewd-ufaq-faq-custom-fields'>\n\n\t\n<\/div>\n\t\t\n\t\t\t\n\t\t\n\t\t\t\n\t\t\n\t\t\t\n\t\t\n\t\t\t\n\t\t\n\t\t\t\n\t\t\n\t\t\t\n\t\t\n\t\t\t\n\t\t\n\t<\/div>\n\n<\/div>\n\t<\/div>\n\n\t\n<\/div>","protected":false},"excerpt":{"rendered":"<p>A Mida peaksid ettev\u00f5tted ette v\u00f5tma? Ettev\u00f5tted peavad l\u00e4bi vaatama andmet\u00f6\u00f6tlusega seotud toimingute konteksti, ulatuse ning eesm\u00e4rgid. Lisaks sellele tuleb hinnata andmet\u00f6\u00f6tlusest tulenevat riski isikutele, kelle andmeid t\u00f6\u00f6deldakse. Andmekaitsem\u00e4\u00e4rusega koosk\u00f5las olemiseks peavad ettev\u00f5tted rakendama vastavaid tehnilisi ja organisatoorseid meetmeid.<\/p>\n","protected":false},"author":1,"featured_media":0,"parent":0,"menu_order":0,"comment_status":"closed","ping_status":"closed","template":"","meta":{"_acf_changed":false,"footnotes":""},"class_list":["post-765","page","type-page","status-publish","hentry"],"acf":[],"_links":{"self":[{"href":"https:\/\/old.gdprregister.eu\/et\/wp-json\/wp\/v2\/pages\/765","targetHints":{"allow":["GET"]}}],"collection":[{"href":"https:\/\/old.gdprregister.eu\/et\/wp-json\/wp\/v2\/pages"}],"about":[{"href":"https:\/\/old.gdprregister.eu\/et\/wp-json\/wp\/v2\/types\/page"}],"author":[{"embeddable":true,"href":"https:\/\/old.gdprregister.eu\/et\/wp-json\/wp\/v2\/users\/1"}],"replies":[{"embeddable":true,"href":"https:\/\/old.gdprregister.eu\/et\/wp-json\/wp\/v2\/comments?post=765"}],"version-history":[{"count":25,"href":"https:\/\/old.gdprregister.eu\/et\/wp-json\/wp\/v2\/pages\/765\/revisions"}],"predecessor-version":[{"id":14314,"href":"https:\/\/old.gdprregister.eu\/et\/wp-json\/wp\/v2\/pages\/765\/revisions\/14314"}],"wp:attachment":[{"href":"https:\/\/old.gdprregister.eu\/et\/wp-json\/wp\/v2\/media?parent=765"}],"curies":[{"name":"wp","href":"https:\/\/api.w.org\/{rel}","templated":true}]}}